{"id":3,"date":"2018-12-25T12:38:16","date_gmt":"2018-12-25T11:38:16","guid":{"rendered":"http:\/\/localhost\/?page_id=3"},"modified":"2021-03-31T17:32:04","modified_gmt":"2021-03-31T15:32:04","slug":"datenschutz","status":"publish","type":"page","link":"https:\/\/www.locoslab.com\/de\/datenschutz\/","title":{"rendered":"Datenschutz"},"content":{"rendered":"\n<p>Die nachfolgenden Informationen betreffen die Verarbeitung personenbezogener Daten der Nutzer der Internetseiten www.locoslab.com, www.locoslab.de, www.digitall-pro.com und www.digitall-pro.de. Internetseiten und andere elektronischen Informations- und Kommunikationsdienste werden vom Telemediengesetz (TMG) im Einzelnen als \u201eTelemedium\u201c bezeichnet.<\/p>\n\n\n\n<h4 class=\"wp-block-heading\">Verantwortlicher<\/h4>\n\n\n\n<p>Name und Kontaktdaten des Verantwortlichen f\u00fcr die Verarbeitungen personenbezogener Daten im Zusammenhang mit Ihrer Nutzung dieses Telemediendienstes lauten:<\/p>\n\n\n\n<div class=\"wp-block-columns has-2-columns is-layout-flex wp-container-core-columns-is-layout-9d6595d7 wp-block-columns-is-layout-flex\">\n<div class=\"wp-block-column is-layout-flow wp-block-column-is-layout-flow\">\n<p>\n\nDr. Marcus Handte<br> Locoslab GmbH<br> Beethovenallee 57<br> 53173 Bonn\n\n<\/p>\n<\/div>\n\n\n\n<div class=\"wp-block-column is-layout-flow wp-block-column-is-layout-flow\">\n<p>E-Mail: <a href=\"mailto:handte@locoslab.com\">handte@locoslab.com<\/a><br>Telefon:  <a href=\"tel:+4922828629740\">+49-228-28629740<\/a><\/p>\n<\/div>\n<\/div>\n\n\n\n<h4 class=\"wp-block-heading\">Zweck<\/h4>\n\n\n\n<p>Die Verarbeitungen personenbezogener Daten im Zusammenhang mit der Bereitstellung dieser Internetseite erfolgt zu folgenden Zwecken und auf der Grundlage folgender Rechtsgrundlagen statt und \u2013 soweit sachlich relevant \u2013 zur Verfolgung folgender berechtigter Interessen des Verantwortlichen oder eines Dritten:<\/p>\n\n\n\n<ol class=\"wp-block-list\"><li>Erbringung des Telemediendienstes (Rechtsgrundlagen: Art. 6 Abs. 1 S. 1 lit. b) Verordnung (EU) 2016\/679 und Art. 6 Abs. 1 S. 1 lit. f) Verordnung (EU) 2016\/679). Dabei verfolgt der Verantwortliche folgende berechtigte Interessen: Erh\u00f6hung von Nachfrage und Reduzierung von Ladezeiten des Telemediendienstes.<\/li><li>Gew\u00e4hrleistung der Vertraulichkeit, Integrit\u00e4t, Verf\u00fcgbarkeit und Belastbarkeit des Telemediendienstes und der f\u00fcr seine Erbringung genutzten Systeme, einschlie\u00dflich Ma\u00dfnahmen zum Erkennen, Eingrenzen, Vermeiden und Beheben von St\u00f6rungen oder Fehlern des Telemediendienstes (Rechtsgrundlage: Art. 6 Abs. 1 S. 1 lit. c) Verordnung (EU) 2016\/679). Entsprechende Rechtspflichten des Verantwortlichen ergeben sich u.a. aus:  Art. 32 Abs. 1 Verordnung (EU) 2016\/679.<\/li><li>Wirtschaftliche Optimierung und bedarfsgerechten Gestaltung des Telemediendienstes (Rechtsgrundlage: Art. 6 Abs. 1 S. 1 lit. f) Verordnung (EU) 2016\/679). Dabei verfolgt der Verantwortliche folgende berechtigte Interessen: Steigerung der Effizienz seines Betriebsmittels, Steigerung von Einnahmen, Senkung von Kosten, Pr\u00fcfung und Verbesserung der Nutzerfreundlichkeit.<\/li><\/ol>\n\n\n\n<p>In diesem Zusammenhang seien Sie besonders hingewiesen auf Ihr Recht zum Widerspruch (im Allgemeinen), siehe unten, in der Aufz\u00e4hlung Ihrer Rechte.<\/p>\n\n\n\n<h4 class=\"wp-block-heading\">Offenlegung<\/h4>\n\n\n\n<p>Die im Zusammenhang mit der Bereitstellung dieser Internetseite verarbeiteten personenbezogener Daten werden folgenden Kategorien von Empf\u00e4ngern offengelegt:<\/p>\n\n\n\n<ol class=\"wp-block-list\"><li>Auftragsverarbeiter, d. h. Unternehmen, die aufgrund vertraglicher Bindungen mit Ihren Daten ausschlie\u00dflich gem\u00e4\u00df den Weisungen des Verantwortlichen umgehen: Anbieter von technischen Diensten und Dienstleistungen, insbesondere Rechenzentrumsleistungen<\/li><li>Dritte, d. h. Unternehmen, die mit Ihren Daten in eigener Verantwortung umgehen: Hosting-Provider und Lieferanten von Inhalten<\/li><\/ol>\n\n\n\n<p>Der Verantwortliche hat die Absicht, personenbezogener Daten gegen\u00fcber Empf\u00e4ngern in einem Drittland offenzulegen, auf der Grundlage folgender Rechtsgrundlagen: <\/p>\n\n\n\n<ul class=\"wp-block-list\"><li>Land: USA (Rechtsgrundlage: Durchf\u00fchrungsbeschlusses (EU) 2016\/1250 der Kommission)<\/li><\/ul>\n\n\n\n<h4 class=\"wp-block-heading\">Speicherdauer<\/h4>\n\n\n\n<p>Zur Angabe der Dauer der Speicherung ist generell anzumerken, dass personenbezogene Daten vom Verantwortlichen nur so lange gespeichert werden, wie dies zur Verfolgung des Zwecks ihrer Verarbeitung erforderlich ist. Daraus ergibt sich im Einzelnen:<\/p>\n\n\n\n<ul class=\"wp-block-list\"><li>Zu dem oben genannten Zweck Nr. 1 werden die Daten solange gespeichert, wie Ihre Benutzung des Telemediendienstes andauert. F\u00fcr die personenbezogenen Daten, die per E-Mail \u00fcbersandt wurden, ist dies dann der Fall, wenn die jeweilige Konversation mit Ihnen beendet ist. Soweit Daten f\u00fcr die Erf\u00fcllung vertraglicher oder gesetzlicher Pflichten, einschlie\u00dflich handels- und steuerrechtlicher Aufbewahrungspflichten, sowie zur Verfolgung berechtigter Interessen, d. h. zur Erhaltung von Beweismitteln im Rahmen der gesetzlichen Verj\u00e4hrungsvorschriften, nicht mehr erforderlich sind, werden diese regelm\u00e4\u00dfig gel\u00f6scht.<\/li><li>Zu dem oben genannten Zweck Nr. 2 werden die Daten \u00fcber das Ende Ihrer Benutzung des Telemediendienstes hinaus f\u00fcr weitere 7 Tage gespeichert; sofern diese zu Beweiszwecken ben\u00f6tigt werden, erfolgt die Speicherung bis zur Kl\u00e4rung des Sachverhalts.<\/li><li>Zu dem oben genannten Zweck Nr. 3 werden die Daten solange gespeichert, wie Ihre Benutzung des Telemediendienstes andauert.<\/li><\/ul>\n\n\n\n<h4 class=\"wp-block-heading\">Rechte<\/h4>\n\n\n\n<p>Sie haben grunds\u00e4tzlich, das hei\u00dft vorbehaltlich der gesetzlichen Einschr\u00e4nkungen, die nachfolgend aufgez\u00e4hlten Rechte. Zur Erleichterung der Aus\u00fcbung dieser Rechte sei Ihnen mitgeteilt, dass ein entsprechender Antrag von Ihnen keiner bestimmten Form bedarf und damit u.a. auch auf elektronischem Wege (insbesondere per E-Mail) gestellt werden kann.<\/p>\n\n\n\n<ul class=\"wp-block-list\"><li>Sie k\u00f6nnen <strong>Auskunft <\/strong>seitens des Verantwortlichen \u00fcber die Sie betreffenden personenbezogenen Daten begehren,<\/li><li>Sie k\u00f6nnen <strong>Berichtigung <\/strong>unrichtiger, Sie betreffender personenbezogenen Daten durch den Verantwortlichen begehren,<\/li><li>Sie k\u00f6nnen <strong>L\u00f6schung <\/strong>der Sie betreffenden personenbezogenen Daten durch den Verantwortlichen begehren,<\/li><li>Sie k\u00f6nnen die <strong>Einschr\u00e4nkung <\/strong>der weiteren Verarbeitung der Sie betreffenden personenbezogenen Daten durch den Verantwortlichen begehren,<\/li><li>Sie haben das Recht, <strong>Widerspruch <\/strong>beim Verantwortlichen einzulegen, gegen die weitere Verarbeitung der Sie betreffenden personenbezogenen Daten durch den Verantwortlichen zu dem oben genannten <strong>Zwecken<\/strong>, sofern Sie daf\u00fcr <strong>Gr\u00fcnde <\/strong>anf\u00fchren, die sich aus ihrer besonderen Situation ergeben.<\/li><li>Sie k\u00f6nnen schlie\u00dflich vom Verantwortlichen die Sie betreffenden personenbezogenen Daten, die Sie dem Verantwortlichen zu dem oben genannten <strong>Zweck Nr. 1<\/strong> bereitgestellt haben, in einem strukturierten, g\u00e4ngigen und <strong>maschinenlesbaren Format zu erhalten<\/strong>, und diese Daten einer anderen Person ohne Behinderung durch den Verantwortlichen, dem die personenbezogenen Daten bereitgestellt wurden, zu \u00fcbermitteln.<\/li><li>Ferner haben Sie das <strong>Recht<\/strong>, bei einer f\u00fcr den Datenschutz zust\u00e4ndigen Aufsichtsbeh\u00f6rde <strong>Beschwerde <\/strong>einzureichen, \u00fcber den Umgang des Verantwortlichen mit Ihren Daten. Zur Erleichterung der Aus\u00fcbung dieses Rechts sei Ihnen mitgeteilt, dass die f\u00fcr den Sitz des Verantwortlichen zust\u00e4ndige Aufsichtsbeh\u00f6rde unter folgender Adresse zu erreichen ist: Landesbeauftragte f\u00fcr Datenschutz und Informationsfreiheit Nordrhein-Westfalen, Kavalleriestr. 2-4, 40213 D\u00fcsseldorf<\/li><\/ul>\n\n\n\n<h4 class=\"wp-block-heading\">Nichtbereitstellung<\/h4>\n\n\n\n<p>Ihre Bereitstellung<strong> <\/strong>der Sie betreffenden personenbezogenen Daten ist f\u00fcr die Erbringung des Telemediendienstes erforderlich. Eine Rechtspflicht zur Bereitstellung der Daten besteht nicht. Die Nichtbereitstellung der Daten h\u00e4tte aber die Folge, dass der Telemediendienst Ihnen gegen\u00fcber nicht erbracht werden kann.<\/p>\n\n\n\n<h4 class=\"wp-block-heading\">Entscheidungsfindungen<\/h4>\n\n\n\n<p>Automatisierte Entscheidungsfindungen, die Ihnen gegen\u00fcber rechtliche Wirkungen entfalten oder Sie in \u00e4hnlicher Weise erheblich beeintr\u00e4chtigen k\u00f6nnten, finden im Zusammenhang mit Ihrer Inanspruchnahme des Telemediendienstes nicht statt.<\/p>\n","protected":false},"excerpt":{"rendered":"<p>Die nachfolgenden Informationen betreffen die Verarbeitung personenbezogener Daten der Nutzer der Internetseiten www.locoslab.com, www.locoslab.de, www.digitall-pro.com und www.digitall-pro.de. Internetseiten und andere elektronischen Informations- und Kommunikationsdienste werden vom Telemediengesetz (TMG) im Einzelnen als \u201eTelemedium\u201c bezeichnet. Verantwortlicher Name und Kontaktdaten des Verantwortlichen f\u00fcr die Verarbeitungen personenbezogener Daten im Zusammenhang mit Ihrer Nutzung dieses Telemediendienstes lauten: Dr. Marcus Handte [&hellip;]<\/p>\n","protected":false},"author":1,"featured_media":1636,"parent":0,"menu_order":0,"comment_status":"closed","ping_status":"open","template":"","meta":{"footnotes":""},"class_list":["post-3","page","type-page","status-publish","has-post-thumbnail","czr-hentry"],"_links":{"self":[{"href":"https:\/\/www.locoslab.com\/de\/wp-json\/wp\/v2\/pages\/3","targetHints":{"allow":["GET"]}}],"collection":[{"href":"https:\/\/www.locoslab.com\/de\/wp-json\/wp\/v2\/pages"}],"about":[{"href":"https:\/\/www.locoslab.com\/de\/wp-json\/wp\/v2\/types\/page"}],"author":[{"embeddable":true,"href":"https:\/\/www.locoslab.com\/de\/wp-json\/wp\/v2\/users\/1"}],"replies":[{"embeddable":true,"href":"https:\/\/www.locoslab.com\/de\/wp-json\/wp\/v2\/comments?post=3"}],"version-history":[{"count":8,"href":"https:\/\/www.locoslab.com\/de\/wp-json\/wp\/v2\/pages\/3\/revisions"}],"predecessor-version":[{"id":2006,"href":"https:\/\/www.locoslab.com\/de\/wp-json\/wp\/v2\/pages\/3\/revisions\/2006"}],"wp:featuredmedia":[{"embeddable":true,"href":"https:\/\/www.locoslab.com\/de\/wp-json\/wp\/v2\/media\/1636"}],"wp:attachment":[{"href":"https:\/\/www.locoslab.com\/de\/wp-json\/wp\/v2\/media?parent=3"}],"curies":[{"name":"wp","href":"https:\/\/api.w.org\/{rel}","templated":true}]}}