{"id":27,"date":"2018-12-30T12:07:28","date_gmt":"2018-12-30T11:07:28","guid":{"rendered":"http:\/\/localhost\/?page_id=27"},"modified":"2019-01-26T12:44:30","modified_gmt":"2019-01-26T11:44:30","slug":"start","status":"publish","type":"page","link":"https:\/\/www.locoslab.com\/de\/","title":{"rendered":"Start"},"content":{"rendered":"\n<p><\/p>\n\n\n\n<div class=\"wp-block-button aligncenter\"><a class=\"wp-block-button__link has-background\" href=\"https:\/\/www.locoslab.com\/en\" style=\"background-color:#e8461d\">English<\/a><\/div>\n\n\n\n<p><\/p>\n","protected":false},"excerpt":{"rendered":"<p>Ma\u00dfgeschneiderte Positionierungssysteme und zuverl\u00e4ssige, ortsbezogene Dienste f\u00fcr Ihre Anwendungen.<\/p>\n","protected":false},"author":1,"featured_media":0,"parent":0,"menu_order":0,"comment_status":"closed","ping_status":"closed","template":"","meta":{"footnotes":""},"class_list":["post-27","page","type-page","status-publish","czr-hentry"],"_links":{"self":[{"href":"https:\/\/www.locoslab.com\/de\/wp-json\/wp\/v2\/pages\/27","targetHints":{"allow":["GET"]}}],"collection":[{"href":"https:\/\/www.locoslab.com\/de\/wp-json\/wp\/v2\/pages"}],"about":[{"href":"https:\/\/www.locoslab.com\/de\/wp-json\/wp\/v2\/types\/page"}],"author":[{"embeddable":true,"href":"https:\/\/www.locoslab.com\/de\/wp-json\/wp\/v2\/users\/1"}],"replies":[{"embeddable":true,"href":"https:\/\/www.locoslab.com\/de\/wp-json\/wp\/v2\/comments?post=27"}],"version-history":[{"count":6,"href":"https:\/\/www.locoslab.com\/de\/wp-json\/wp\/v2\/pages\/27\/revisions"}],"predecessor-version":[{"id":2003,"href":"https:\/\/www.locoslab.com\/de\/wp-json\/wp\/v2\/pages\/27\/revisions\/2003"}],"wp:attachment":[{"href":"https:\/\/www.locoslab.com\/de\/wp-json\/wp\/v2\/media?parent=27"}],"curies":[{"name":"wp","href":"https:\/\/api.w.org\/{rel}","templated":true}]}}