{"id":19,"date":"2018-12-30T12:05:54","date_gmt":"2018-12-30T11:05:54","guid":{"rendered":"http:\/\/localhost\/?page_id=19"},"modified":"2020-11-16T11:22:29","modified_gmt":"2020-11-16T10:22:29","slug":"ueber-uns","status":"publish","type":"page","link":"https:\/\/www.locoslab.com\/de\/ueber-uns\/","title":{"rendered":"\u00dcber uns"},"content":{"rendered":"\n<p>Die LocosLab GmbH ist ein Dienstleistungsunternehmen im Bereich der Informatik. Etabliert im Jahre 2012 als Ausgr\u00fcndung der Universit\u00e4t Duisburg-Essen, entwickeln wir f\u00fcr unsere Kunden in der Regel ma\u00dfgeschneiderte L\u00f6sungen auf Basis unserer bestehenden Hard- und Softwareprodukte. Die Mitarbeiter der LocosLab GmbH decken dabei ein  breites Wissensspektrum von Embedded- \u00fcber Mobile- bis hin zu Web-Entwicklung ab. Dadurch k\u00f6nnen wir selbst ungew\u00f6hnliche und schwierige Aufgaben erfolgreich meistern.<\/p>\n\n\n\n<h4 class=\"wp-block-heading\">Immer einen Schritt voraus<\/h4>\n\n\n\n<p>Die mehrj\u00e4hrige Forschungst\u00e4tigkeit vieler Mitarbeiter der LocosLab GmbH an der Universit\u00e4t Duisburg-Essen und der Rheinischen Friedrich-Wilhelms-Universit\u00e4t Bonn, sowie die fortlaufende strategische Kooperation mit der Forschungsgruppe Networked Embedded Systems der Universit\u00e4t Duisburg-Essen bilden eine hervorragende Basis f\u00fcr die st\u00e4ndige Weiterentwicklung der Hard- und Softwareprodukte der LocosLab GmbH. <\/p>\n\n\n\n<p>Dar\u00fcber hinaus erm\u00f6glicht die Kooperation die praxisnahe Bewertung von Forschungsergebnissen im Rahmen von gemeinsamen Forschungs- und Anwendungsprojekten. Beispiele hierf\u00fcr sind unter anderem:<\/p>\n\n\n\n<ul class=\"wp-block-list\"><li>Die Evaluation von Algorithmen zur automatischen Re-Kalibrierung von Lokalisierungssystemen <br>(Ngewi Fet, Marcus Handte, Pedro Jos\u00e9 Marr\u00f3n, <em>Autonomous Adaptation of Indoor Localization Systems in Smart Environments<\/em>, Journal of Ambient Intelligence and Smart Environments, 9 (1), pp. 7\u201320, 2017.)<\/li><li>Die Entwicklung integrierter Systeme zur nahtlosen Navigation im Innen- und Au\u00dfenbereich <br>(Stephan Wagner, Ngewi Fet, Marcus Handte, Pedro Jos\u00e9 Marr\u00f3n, <em>An Approach for Hybrid Indoor\/Outdoor Navigation<\/em>, 13th International Conference on Intelligent Environments (IE\u201917), Seoul, Korea, 2017.)<\/li><li>Die Umsetzung innovativer Navigationssysteme f\u00fcr den \u00f6ffentlichen Nahverkehr <br>(Marcus Handte, Stefan Foell, Stephan Wagner, Gerd Kortuem, Pedro Jos\u00e9 Marr\u00f3n, <em>An Internet-of-Things Enabled Connected Navigation System for Urban Bus Riders<\/em>, IEEE Internet of Things Journal, 2016.)<\/li><\/ul>\n\n\n\n<h4 class=\"wp-block-heading\">Unsere Partner<\/h4>\n\n\n\n<figure class=\"wp-block-gallery aligncenter columns-8 wp-block-gallery-1 is-layout-flex wp-block-gallery-is-layout-flex\"><ul class=\"blocks-gallery-grid\"><li class=\"blocks-gallery-item\"><figure><img loading=\"lazy\" decoding=\"async\" width=\"230\" height=\"89\" src=\"https:\/\/www.locoslab.com\/wp-content\/uploads\/sites\/2\/2019\/01\/university_duisburg_essen.png\" alt=\"Universit\u00e4t Duisburg-Essen\" data-id=\"141\" data-link=\"https:\/\/www.locoslab.com\/de\/university_duisburg_essen\/\" class=\"wp-image-141\"\/><\/figure><\/li><li class=\"blocks-gallery-item\"><figure><img loading=\"lazy\" decoding=\"async\" width=\"194\" height=\"32\" src=\"https:\/\/www.locoslab.com\/wp-content\/uploads\/sites\/2\/2019\/01\/renesas.png\" alt=\"Renesas\" data-id=\"138\" data-link=\"https:\/\/www.locoslab.com\/de\/renesas\/\" class=\"wp-image-138\"\/><\/figure><\/li><li class=\"blocks-gallery-item\"><figure><img loading=\"lazy\" decoding=\"async\" width=\"88\" height=\"60\" src=\"https:\/\/www.locoslab.com\/wp-content\/uploads\/sites\/2\/2019\/01\/the_open_university.png\" alt=\"The Open University\" data-id=\"139\" data-link=\"https:\/\/www.locoslab.com\/de\/the_open_university\/\" class=\"wp-image-139\"\/><\/figure><\/li><li class=\"blocks-gallery-item\"><figure><img loading=\"lazy\" decoding=\"async\" width=\"177\" height=\"131\" src=\"https:\/\/www.locoslab.com\/wp-content\/uploads\/sites\/2\/2019\/01\/university_bonn.png\" alt=\"Universit\u00e4t Bonn\" data-id=\"140\" data-link=\"https:\/\/www.locoslab.com\/de\/university_bonn\/\" class=\"wp-image-140\"\/><\/figure><\/li><li class=\"blocks-gallery-item\"><figure><img loading=\"lazy\" decoding=\"async\" width=\"124\" height=\"130\" src=\"https:\/\/www.locoslab.com\/wp-content\/uploads\/sites\/2\/2019\/01\/polytechnical_university_madrid.png\" alt=\"Polytechnical University Madrid\" data-id=\"137\" data-link=\"https:\/\/www.locoslab.com\/de\/polytechnical_university_madrid\/\" class=\"wp-image-137\"\/><\/figure><\/li><li class=\"blocks-gallery-item\"><figure><img loading=\"lazy\" decoding=\"async\" width=\"139\" height=\"62\" src=\"https:\/\/www.locoslab.com\/wp-content\/uploads\/sites\/2\/2019\/01\/etra.png\" alt=\"Etra\" data-id=\"132\" data-link=\"https:\/\/www.locoslab.com\/de\/etra\/\" class=\"wp-image-132\"\/><\/figure><\/li><li class=\"blocks-gallery-item\"><figure><img loading=\"lazy\" decoding=\"async\" width=\"200\" height=\"110\" src=\"https:\/\/www.locoslab.com\/wp-content\/uploads\/sites\/2\/2019\/01\/NES_logo.jpg\" alt=\"Networked Embedded Systems\" data-id=\"136\" data-link=\"https:\/\/www.locoslab.com\/de\/nes_logo\/\" class=\"wp-image-136\"\/><\/figure><\/li><li class=\"blocks-gallery-item\"><figure><img loading=\"lazy\" decoding=\"async\" width=\"400\" height=\"113\" src=\"https:\/\/www.locoslab.com\/wp-content\/uploads\/sites\/2\/2019\/01\/ibv.png\" alt=\"Institudo de Biomechanica de Valencia\" data-id=\"133\" data-link=\"https:\/\/www.locoslab.com\/de\/ibv\/\" class=\"wp-image-133\" srcset=\"https:\/\/www.locoslab.com\/de\/wp-content\/uploads\/sites\/2\/2019\/01\/ibv.png 400w, https:\/\/www.locoslab.com\/de\/wp-content\/uploads\/sites\/2\/2019\/01\/ibv-300x85.png 300w\" sizes=\"auto, (max-width: 400px) 100vw, 400px\" \/><\/figure><\/li><li class=\"blocks-gallery-item\"><figure><img loading=\"lazy\" decoding=\"async\" width=\"220\" height=\"48\" src=\"https:\/\/www.locoslab.com\/wp-content\/uploads\/sites\/2\/2019\/01\/info_mobility.png\" alt=\"Info Mobility\" data-id=\"134\" data-link=\"https:\/\/www.locoslab.com\/de\/info_mobility\/\" class=\"wp-image-134\"\/><\/figure><\/li><li class=\"blocks-gallery-item\"><figure><img loading=\"lazy\" decoding=\"async\" width=\"524\" height=\"638\" src=\"https:\/\/www.locoslab.com\/wp-content\/uploads\/sites\/2\/2019\/01\/national_university_of_ireland.jpg\" alt=\"National University of Ireland\" data-id=\"135\" data-link=\"https:\/\/www.locoslab.com\/de\/national_university_of_ireland\/\" class=\"wp-image-135\" srcset=\"https:\/\/www.locoslab.com\/de\/wp-content\/uploads\/sites\/2\/2019\/01\/national_university_of_ireland.jpg 524w, https:\/\/www.locoslab.com\/de\/wp-content\/uploads\/sites\/2\/2019\/01\/national_university_of_ireland-246x300.jpg 246w\" sizes=\"auto, (max-width: 524px) 100vw, 524px\" \/><\/figure><\/li><li class=\"blocks-gallery-item\"><figure><img loading=\"lazy\" decoding=\"async\" width=\"551\" height=\"672\" src=\"https:\/\/www.locoslab.com\/wp-content\/uploads\/sites\/2\/2019\/01\/emt_madrid.jpg\" alt=\"EMT Madrid\" data-id=\"131\" data-link=\"https:\/\/www.locoslab.com\/de\/emt_madrid\/\" class=\"wp-image-131\" srcset=\"https:\/\/www.locoslab.com\/de\/wp-content\/uploads\/sites\/2\/2019\/01\/emt_madrid.jpg 551w, https:\/\/www.locoslab.com\/de\/wp-content\/uploads\/sites\/2\/2019\/01\/emt_madrid-246x300.jpg 246w\" sizes=\"auto, (max-width: 551px) 100vw, 551px\" \/><\/figure><\/li><li class=\"blocks-gallery-item\"><figure><img loading=\"lazy\" decoding=\"async\" width=\"178\" height=\"37\" src=\"https:\/\/www.locoslab.com\/wp-content\/uploads\/sites\/2\/2019\/01\/aristech.png\" alt=\"Aristech\" data-id=\"128\" data-link=\"https:\/\/www.locoslab.com\/de\/aristech\/\" class=\"wp-image-128\"\/><\/figure><\/li><li class=\"blocks-gallery-item\"><figure><img loading=\"lazy\" decoding=\"async\" width=\"123\" height=\"101\" src=\"https:\/\/www.locoslab.com\/wp-content\/uploads\/sites\/2\/2019\/01\/consorio_transportes_madrid.gif\" alt=\"Consorcio Transportes de Madrid\" data-id=\"129\" data-link=\"https:\/\/www.locoslab.com\/de\/consorio_transportes_madrid\/\" class=\"wp-image-129\"\/><\/figure><\/li><li class=\"blocks-gallery-item\"><figure><img loading=\"lazy\" decoding=\"async\" width=\"182\" height=\"74\" src=\"https:\/\/www.locoslab.com\/wp-content\/uploads\/sites\/2\/2019\/01\/emel.png\" alt=\"Emel\" data-id=\"130\" data-link=\"https:\/\/www.locoslab.com\/de\/emel\/\" class=\"wp-image-130\"\/><\/figure><\/li><li class=\"blocks-gallery-item\"><figure><img loading=\"lazy\" decoding=\"async\" width=\"425\" height=\"244\" src=\"https:\/\/www.locoslab.com\/wp-content\/uploads\/sites\/2\/2019\/01\/airplus.png\" alt=\"AirPlus International\" data-id=\"127\" data-link=\"https:\/\/www.locoslab.com\/de\/airplus\/\" class=\"wp-image-127\" srcset=\"https:\/\/www.locoslab.com\/de\/wp-content\/uploads\/sites\/2\/2019\/01\/airplus.png 425w, https:\/\/www.locoslab.com\/de\/wp-content\/uploads\/sites\/2\/2019\/01\/airplus-300x172.png 300w\" sizes=\"auto, (max-width: 425px) 100vw, 425px\" \/><\/figure><\/li><li class=\"blocks-gallery-item\"><figure><img loading=\"lazy\" decoding=\"async\" width=\"558\" height=\"139\" src=\"https:\/\/www.locoslab.com\/de\/wp-content\/uploads\/sites\/2\/2020\/11\/Logo_CISSTDI.png\" alt=\"\" data-id=\"1987\" data-full-url=\"https:\/\/www.locoslab.com\/de\/wp-content\/uploads\/sites\/2\/2020\/11\/Logo_CISSTDI.png\" data-link=\"https:\/\/www.locoslab.com\/de\/ueber-uns\/attachment\/logo_cisstdi\/\" class=\"wp-image-1987\" srcset=\"https:\/\/www.locoslab.com\/de\/wp-content\/uploads\/sites\/2\/2020\/11\/Logo_CISSTDI.png 558w, https:\/\/www.locoslab.com\/de\/wp-content\/uploads\/sites\/2\/2020\/11\/Logo_CISSTDI-300x75.png 300w\" sizes=\"auto, (max-width: 558px) 100vw, 558px\" \/><\/figure><\/li><\/ul><\/figure>\n","protected":false},"excerpt":{"rendered":"<p>Die LocosLab GmbH ist ein Dienstleistungsunternehmen im Bereich der Informatik. Etabliert im Jahre 2012 als Ausgr\u00fcndung der Universit\u00e4t Duisburg-Essen, entwickeln wir f\u00fcr unsere Kunden in der Regel ma\u00dfgeschneiderte L\u00f6sungen auf Basis unserer bestehenden Hard- und Softwareprodukte. Die Mitarbeiter der LocosLab GmbH decken dabei ein breites Wissensspektrum von Embedded- \u00fcber Mobile- bis hin zu Web-Entwicklung ab. [&hellip;]<\/p>\n","protected":false},"author":1,"featured_media":1633,"parent":0,"menu_order":0,"comment_status":"closed","ping_status":"closed","template":"","meta":{"footnotes":""},"class_list":["post-19","page","type-page","status-publish","has-post-thumbnail","czr-hentry"],"_links":{"self":[{"href":"https:\/\/www.locoslab.com\/de\/wp-json\/wp\/v2\/pages\/19","targetHints":{"allow":["GET"]}}],"collection":[{"href":"https:\/\/www.locoslab.com\/de\/wp-json\/wp\/v2\/pages"}],"about":[{"href":"https:\/\/www.locoslab.com\/de\/wp-json\/wp\/v2\/types\/page"}],"author":[{"embeddable":true,"href":"https:\/\/www.locoslab.com\/de\/wp-json\/wp\/v2\/users\/1"}],"replies":[{"embeddable":true,"href":"https:\/\/www.locoslab.com\/de\/wp-json\/wp\/v2\/comments?post=19"}],"version-history":[{"count":24,"href":"https:\/\/www.locoslab.com\/de\/wp-json\/wp\/v2\/pages\/19\/revisions"}],"predecessor-version":[{"id":1988,"href":"https:\/\/www.locoslab.com\/de\/wp-json\/wp\/v2\/pages\/19\/revisions\/1988"}],"wp:featuredmedia":[{"embeddable":true,"href":"https:\/\/www.locoslab.com\/de\/wp-json\/wp\/v2\/media\/1633"}],"wp:attachment":[{"href":"https:\/\/www.locoslab.com\/de\/wp-json\/wp\/v2\/media?parent=19"}],"curies":[{"name":"wp","href":"https:\/\/api.w.org\/{rel}","templated":true}]}}