{"id":17,"date":"2018-12-30T12:04:46","date_gmt":"2018-12-30T11:04:46","guid":{"rendered":"http:\/\/localhost\/?page_id=17"},"modified":"2021-05-23T18:49:26","modified_gmt":"2021-05-23T16:49:26","slug":"impressum","status":"publish","type":"page","link":"https:\/\/www.locoslab.com\/de\/impressum\/","title":{"rendered":"Impressum"},"content":{"rendered":"\n<div class=\"wp-block-columns has-2-columns is-layout-flex wp-container-core-columns-is-layout-9d6595d7 wp-block-columns-is-layout-flex\">\n<div class=\"wp-block-column is-layout-flow wp-block-column-is-layout-flow\">\n<h4 class=\"wp-block-heading\">Name und Anschrift<\/h4>\n\n\n\n<p>LocosLab GmbH<br>Beethovenallee 57<br>53173 Bonn<\/p>\n\n\n\n<h4 class=\"wp-block-heading\">Kontakt<\/h4>\n\n\n\n<p>Email:&nbsp;<a href=\"mailto:info@locoslab.com\">info@locoslab.com<\/a> <br>Telefon:&nbsp;<a href=\"tel:+4922828629740\">+49-228-28629740<\/a><br>Telefax:&nbsp;<a href=\"tel:+4922828629741\">+49-228-28629741<\/a><br><br><\/p>\n<\/div>\n\n\n\n<div class=\"wp-block-column is-layout-flow wp-block-column-is-layout-flow\">\n<h4 class=\"wp-block-heading\">Umsatzsteuernummer (USt-IdNr.)<\/h4>\n\n\n\n<p>DE286950546<\/p>\n\n\n\n<h4 class=\"wp-block-heading\">Registereintragung<\/h4>\n\n\n\n<p>Amtsgericht Bonn, HRB 19803<\/p>\n\n\n\n<h4 class=\"wp-block-heading\">Gesch\u00e4ftsf\u00fchrer<\/h4>\n\n\n\n<p>Prof. Dr. Pedro Jos\u00e9 Marr\u00f3n<\/p>\n\n\n\n<h4 class=\"wp-block-heading\">Redaktion<\/h4>\n\n\n\n<p>Dr. Marcus Handte<\/p>\n<\/div>\n<\/div>\n\n\n\n<h4 class=\"wp-block-heading\">Anregungen<\/h4>\n\n\n\n<p>Anregungen zur Optimierung unserer Internetpr\u00e4senz nehmen wir jederzeit gerne entgegen. Sollten Sie der Meinung sein, dass diese Webseite gegen geltendes Recht oder Bestimmungen verst\u00f6\u00dft, bitten wir Sie uns dies mitzuteilen. Erforderliche Anpassungen werden wir schnellstm\u00f6glich vornehmen. <\/p>\n\n\n\n<h4 class=\"wp-block-heading\">Haftungsausschluss<\/h4>\n\n\n\n<p>Die Inhalte der Webseite wurden mit gr\u00f6\u00dfter Sorgfalt erstellt. F\u00fcr die Richtigkeit, Vollst\u00e4ndigkeit und Aktualit\u00e4t der Inhalte wird jedoch keine Gew\u00e4hr \u00fcbernommen. Verpflichtungen zur Entfernung oder Sperrung der Nutzung von Informationen nach den allgemeinen Gesetzen bleiben hiervon unber\u00fchrt. Eine diesbez\u00fcgliche Haftung ist jedoch erst ab dem Zeitpunkt der Kenntnis einer konkreten Rechtsverletzung m\u00f6glich. Bei dem Bekanntwerden von entsprechenden Rechtsverletzungen werden die Inhalte umgehend entfernt.<\/p>\n\n\n\n<p>Diese Webseite enth\u00e4lt Verkn\u00fcpfungen zu Webseiten Dritter. Diese Webseiten unterliegen der Haftung der jeweiligen Betreiber, so dass der Betreiber dieser Webseite f\u00fcr diese fremden Inhalte keine Gew\u00e4hr \u00fcbernimmt. Die verlinkten Seiten wurden zum Zeitpunkt der Verlinkung auf m\u00f6gliche Rechtsverst\u00f6\u00dfe \u00fcberpr\u00fcft. Rechtswidrige Inhalte waren zum Zeitpunkt der Verlinkung nicht erkennbar. Eine permanente inhaltliche Kontrolle der verlinkten Seiten ist jedoch ohne konkrete Anhaltspunkte einer Rechtsverletzung nicht zumutbar, so dass sich der Betreiber hiermit ausdr\u00fccklich von allen Inhalten der gelinkten\/verkn\u00fcpften Seiten, die nach der Linksetzung ver\u00e4ndert wurden, distanziert. F\u00fcr illegale, fehlerhafte oder unvollst\u00e4ndige Inhalte und insbesondere f\u00fcr Sch\u00e4den, die aus der Nutzung oder Nichtnutzung solcher Art dargebotener Informationen entstehen, haftet allein der Anbieter der Seite, auf welche verwiesen wurde. <\/p>\n\n\n\n<h4 class=\"wp-block-heading\">Urheberrecht<\/h4>\n\n\n\n<p>Der gesamte Inhalt dieser Webseite ist urheberrechtlich gesch\u00fctzt und darf nicht ohne vorherige schriftliche Genehmigung reproduziert oder zitiert werden. Einige Bilder auf dieser Webseite stammen von Adobe Stock (<a rel=\"noreferrer noopener\" href=\"https:\/\/stock.adobe.com\/\" target=\"_blank\">https:\/\/stock.adobe.com\/<\/a>). F\u00fcr die auf dieser Webseite verwendeten Bilder sind folgende Angaben zu machen:<\/p>\n\n\n\n<div class=\"wp-block-columns has-2-columns is-layout-flex wp-container-core-columns-is-layout-9d6595d7 wp-block-columns-is-layout-flex\">\n<div class=\"wp-block-column is-layout-flow wp-block-column-is-layout-flow\">\n<ul class=\"wp-block-list\"><li>\u00a9 Beaconinside GmbH<\/li><li> \u00a9 photographicss \/ Adobe Stock<\/li><li> \u00a9 vege \/ Adobe Stock<\/li><li> \u00a9 Julia Tim \/ Adobe Stock<\/li><li> \u00a9 sarayut_sy \/ Adobe Stock<\/li><li> \u00a9 Dreaming Andy \/ Adobe Stock<\/li><li>\u00a9 Lidia_Lo \/ Adobe Stock<\/li><\/ul>\n<\/div>\n\n\n\n<div class=\"wp-block-column is-layout-flow wp-block-column-is-layout-flow\">\n<ul class=\"wp-block-list\"><li> \u00a9 Pavel Losevsky \/ Adobe Stock<\/li><li> \u00a9 Anselm Baumgart \/ Adobe Stock<\/li><li> \u00a9 Roman Milert \/ Adobe Stock<\/li><li> \u00a9 7maru \/ Adobe Stock<\/li><li> \u00a9 Robert Wilson \/ Adobe Stock<\/li><li> \u00a9 J\u00fcrgen F\u00e4lchle \/ Adobe Stock <\/li><\/ul>\n<\/div>\n<\/div>\n\n\n\n<p> <\/p>\n","protected":false},"excerpt":{"rendered":"<p>Name und Anschrift LocosLab GmbHBeethovenallee 5753173 Bonn Kontakt Email:&nbsp;info@locoslab.com Telefon:&nbsp;+49-228-28629740Telefax:&nbsp;+49-228-28629741 Umsatzsteuernummer (USt-IdNr.) DE286950546 Registereintragung Amtsgericht Bonn, HRB 19803 Gesch\u00e4ftsf\u00fchrer Prof. Dr. Pedro Jos\u00e9 Marr\u00f3n Redaktion Dr. Marcus Handte Anregungen Anregungen zur Optimierung unserer Internetpr\u00e4senz nehmen wir jederzeit gerne entgegen. Sollten Sie der Meinung sein, dass diese Webseite gegen geltendes Recht oder Bestimmungen verst\u00f6\u00dft, bitten wir [&hellip;]<\/p>\n","protected":false},"author":1,"featured_media":1635,"parent":0,"menu_order":0,"comment_status":"closed","ping_status":"closed","template":"","meta":{"footnotes":""},"class_list":["post-17","page","type-page","status-publish","has-post-thumbnail","czr-hentry"],"_links":{"self":[{"href":"https:\/\/www.locoslab.com\/de\/wp-json\/wp\/v2\/pages\/17","targetHints":{"allow":["GET"]}}],"collection":[{"href":"https:\/\/www.locoslab.com\/de\/wp-json\/wp\/v2\/pages"}],"about":[{"href":"https:\/\/www.locoslab.com\/de\/wp-json\/wp\/v2\/types\/page"}],"author":[{"embeddable":true,"href":"https:\/\/www.locoslab.com\/de\/wp-json\/wp\/v2\/users\/1"}],"replies":[{"embeddable":true,"href":"https:\/\/www.locoslab.com\/de\/wp-json\/wp\/v2\/comments?post=17"}],"version-history":[{"count":6,"href":"https:\/\/www.locoslab.com\/de\/wp-json\/wp\/v2\/pages\/17\/revisions"}],"predecessor-version":[{"id":2014,"href":"https:\/\/www.locoslab.com\/de\/wp-json\/wp\/v2\/pages\/17\/revisions\/2014"}],"wp:featuredmedia":[{"embeddable":true,"href":"https:\/\/www.locoslab.com\/de\/wp-json\/wp\/v2\/media\/1635"}],"wp:attachment":[{"href":"https:\/\/www.locoslab.com\/de\/wp-json\/wp\/v2\/media?parent=17"}],"curies":[{"name":"wp","href":"https:\/\/api.w.org\/{rel}","templated":true}]}}